{"id":653,"date":"2025-11-26T15:10:40","date_gmt":"2025-11-26T14:10:40","guid":{"rendered":"https:\/\/www.tecnocortinas.com\/blog\/?page_id=653"},"modified":"2025-11-28T08:00:13","modified_gmt":"2025-11-28T07:00:13","slug":"home-blog","status":"publish","type":"page","link":"https:\/\/www.tecnocortinas.com\/blog\/","title":{"rendered":"Home Blog"},"content":{"rendered":"<p>[et_pb_section fb_built=\u00bb1&#8243; fullwidth=\u00bbon\u00bb disabled_on=\u00bboff|off|off\u00bb admin_label=\u00bbHero\u00bb _builder_version=\u00bb4.16&#8243; _module_preset=\u00bbdefault\u00bb background_color=\u00bb#1f1f1f\u00bb parallax=\u00bbon\u00bb custom_padding=\u00bb|||\u00bb transparent_background=\u00bbon\u00bb global_colors_info=\u00bb{}\u00bb][et_pb_fullwidth_header title=\u00bbBlog de Tecnocortinas\u00bb text_orientation=\u00bbcenter\u00bb background_overlay_color=\u00bbrgba(31,31,31,0.85)\u00bb subhead_font_color=\u00bb#bebebe\u00bb _builder_version=\u00bb4.17.4&#8243; _module_preset=\u00bbdefault\u00bb title_font=\u00bbPlayfair Display||||\u00bb title_text_color=\u00bb#ffffff\u00bb title_font_size=\u00bb72px\u00bb title_line_height=\u00bb1.3em\u00bb content_font=\u00bbMontserrat||||\u00bb content_text_color=\u00bb#bfbfbf\u00bb content_font_size=\u00bb19px\u00bb content_line_height=\u00bb1.8em\u00bb subhead_font=\u00bbMontserrat||||\u00bb subhead_text_color=\u00bb#bebebe\u00bb subhead_line_height=\u00bb1.8em\u00bb background_color=\u00bbrgba(255, 255, 255, 0)\u00bb background_image=\u00bbhttps:\/\/www.tecnocortinas.com\/blog\/wp-content\/uploads\/2018\/04\/estor-paqueto-tecnocortinas.jpg\u00bb parallax=\u00bbon\u00bb parallax_method=\u00bbon\u00bb custom_padding=\u00bb5%||5%|\u00bb animation_style=\u00bbzoom\u00bb animation_duration=\u00bb1500ms\u00bb animation_intensity_zoom=\u00bb4%\u00bb title_line_height_last_edited=\u00bboff|desktop\u00bb global_colors_info=\u00bb{}\u00bb button_one_text_size__hover_enabled=\u00bboff\u00bb button_two_text_size__hover_enabled=\u00bboff\u00bb button_one_text_color__hover_enabled=\u00bboff\u00bb button_two_text_color__hover_enabled=\u00bboff\u00bb button_one_border_width__hover_enabled=\u00bboff\u00bb button_two_border_width__hover_enabled=\u00bboff\u00bb button_one_border_color__hover_enabled=\u00bboff\u00bb button_two_border_color__hover_enabled=\u00bboff\u00bb button_one_border_radius__hover_enabled=\u00bboff\u00bb button_two_border_radius__hover_enabled=\u00bboff\u00bb button_one_letter_spacing__hover_enabled=\u00bboff\u00bb button_two_letter_spacing__hover_enabled=\u00bboff\u00bb button_one_bg_color__hover_enabled=\u00bboff\u00bb button_two_bg_color__hover_enabled=\u00bboff\u00bb]<\/p>\n<p>&nbsp;<\/p>\n<p>Noticias, tendencias y moda en cortinas y estores para el hogar.<\/p>\n<p>Tecnocortinas, especialistas en decoraci\u00f3n con m\u00e1s de 25 a\u00f1os de experiencia<\/p>\n<p>&nbsp;<\/p>\n<p>[\/et_pb_fullwidth_header][\/et_pb_section][et_pb_section fb_built=\u00bb1&#8243; admin_label=\u00bbBlog\u00bb _builder_version=\u00bb4.16&#8243; _module_preset=\u00bbdefault\u00bb background_color=\u00bbrgba(0,0,0,0.03)\u00bb background_size=\u00bbinitial\u00bb background_position=\u00bbtop_left\u00bb custom_padding=\u00bb100px|0px|100px|0px\u00bb collapsed=\u00bboff\u00bb global_colors_info=\u00bb{}\u00bb][et_pb_row use_custom_gutter=\u00bbon\u00bb _builder_version=\u00bb4.16&#8243; _module_preset=\u00bbdefault\u00bb background_size=\u00bbinitial\u00bb background_position=\u00bbtop_left\u00bb background_repeat=\u00bbrepeat\u00bb max_width=\u00bb1280px\u00bb custom_margin=\u00bb|||\u00bb custom_padding=\u00bb|||\u00bb use_custom_width=\u00bbon\u00bb custom_width_px=\u00bb1280px\u00bb global_colors_info=\u00bb{}\u00bb][et_pb_column type=\u00bb4_4&#8243; _builder_version=\u00bb4.16&#8243; _module_preset=\u00bbdefault\u00bb background_position=\u00bbtop_left\u00bb custom_padding=\u00bb|||\u00bb global_colors_info=\u00bb{}\u00bb custom_padding__hover=\u00bb|||\u00bb][et_pb_blog fullwidth=\u00bboff\u00bb posts_number=\u00bb9&#8243; include_categories=\u00bb30,29&#8243; use_manual_excerpt=\u00bboff\u00bb excerpt_length=\u00bb0&#8243; show_author=\u00bboff\u00bb show_date=\u00bboff\u00bb _builder_version=\u00bb4.17.4&#8243; _module_preset=\u00bbdefault\u00bb header_font=\u00bbMontserrat||||\u00bb header_text_align=\u00bbcenter\u00bb header_text_color=\u00bb#1f1f1f\u00bb header_font_size=\u00bb21px\u00bb header_line_height=\u00bb1.5em\u00bb body_font=\u00bbMontserrat||||\u00bb body_text_color=\u00bb#999999&#8243; body_font_size=\u00bb15px\u00bb meta_font=\u00bbMontserrat|on||on|\u00bb meta_text_align=\u00bbcenter\u00bb meta_text_color=\u00bb#021e83&#8243; meta_font_size=\u00bb11px\u00bb meta_letter_spacing=\u00bb2px\u00bb meta_line_height=\u00bb1.9em\u00bb pagination_font=\u00bbMontserrat||||\u00bb pagination_text_color=\u00bb#021e83&#8243; body_link_text_color=\u00bb#0C71C3&#8243; border_width_all=\u00bb0px\u00bb border_color_all=\u00bb#d8d8d8&#8243; border_style_all=\u00bbsolid\u00bb border_width_all_fullwidth=\u00bb0px\u00bb border_color_all_fullwidth=\u00bb#d8d8d8&#8243; border_style_all_fullwidth=\u00bbsolid\u00bb use_border_color=\u00bbon\u00bb border_width=\u00bb0px\u00bb global_colors_info=\u00bb{}\u00bb][\/et_pb_blog][\/et_pb_column][\/et_pb_row][\/et_pb_section][et_pb_section fb_built=\u00bb1&#8243; admin_label=\u00bbContact Us\u00bb _builder_version=\u00bb4.17.4&#8243; _module_preset=\u00bbdefault\u00bb background_color=\u00bbrgba(0,0,0,0.75)\u00bb background_image=\u00bbhttps:\/\/www.tecnocortinas.com\/blog\/wp-content\/uploads\/2013\/12\/13.jpg\u00bb background_blend=\u00bbcolor\u00bb custom_padding=\u00bb100px|0px|100px|0px\u00bb locked=\u00bboff\u00bb collapsed=\u00bboff\u00bb global_colors_info=\u00bb{}\u00bb][et_pb_row make_equal=\u00bbon\u00bb _builder_version=\u00bb4.17.4&#8243; _module_preset=\u00bbdefault\u00bb background_size=\u00bbinitial\u00bb background_position=\u00bbtop_left\u00bb background_repeat=\u00bbrepeat\u00bb max_width=\u00bb1280px\u00bb custom_margin=\u00bb|||\u00bb custom_padding=\u00bb|||\u00bb use_custom_width=\u00bbon\u00bb custom_width_px=\u00bb1280px\u00bb global_colors_info=\u00bb{}\u00bb][et_pb_column type=\u00bb4_4&#8243; _builder_version=\u00bb4.16&#8243; _module_preset=\u00bbdefault\u00bb background_color=\u00bb#1f1f1f\u00bb custom_padding=\u00bb100px|5%|100px|5%\u00bb global_colors_info=\u00bb{}\u00bb custom_padding__hover=\u00bb|||\u00bb][et_pb_text _builder_version=\u00bb4.17.4&#8243; _module_preset=\u00bbdefault\u00bb text_font=\u00bbMontserrat||||\u00bb text_text_color=\u00bb#bfbfbf\u00bb text_font_size=\u00bb16px\u00bb text_line_height=\u00bb1.8em\u00bb header_font=\u00bb||||||||\u00bb header_3_font=\u00bbPlayfair Display||||||||\u00bb header_3_font_size=\u00bb30px\u00bb header_3_line_height=\u00bb1.3em\u00bb background_size=\u00bbinitial\u00bb background_position=\u00bbtop_left\u00bb background_repeat=\u00bbrepeat\u00bb text_orientation=\u00bbcenter\u00bb background_layout=\u00bbdark\u00bb max_width=\u00bb700px\u00bb module_alignment=\u00bbcenter\u00bb custom_margin=\u00bb||2px|||\u00bb custom_padding=\u00bb||30px|\u00bb global_colors_info=\u00bb{}\u00bb]<\/p>\n<h3>\u00bfBuscas cortinas u estores a medida?<\/h3>\n<p>Rec\u00edbelos en casa a trav\u00e9s de nuestra tienda online<\/p>\n<p>[\/et_pb_text][et_pb_button button_url=\u00bb\/\u00bb button_text=\u00bbTienda online de Cortinas y Estores\u00bb button_alignment=\u00bbcenter\u00bb _builder_version=\u00bb4.17.4&#8243; _module_preset=\u00bbdefault\u00bb custom_button=\u00bbon\u00bb button_text_size=\u00bb15px\u00bb button_text_color=\u00bb#ffffff\u00bb button_bg_color=\u00bb#021e83&#8243; button_border_width=\u00bb2px\u00bb button_border_color=\u00bb#0045a0&#8243; button_border_radius=\u00bb0px\u00bb button_letter_spacing=\u00bb2px\u00bb button_font=\u00bbMontserrat|||on|\u00bb button_use_icon=\u00bboff\u00bb custom_margin=\u00bb8px|||||\u00bb button_border_radius_hover=\u00bb0px\u00bb button_letter_spacing_hover=\u00bb2px\u00bb global_colors_info=\u00bb{}\u00bb button_text_size__hover_enabled=\u00bboff\u00bb button_one_text_size__hover_enabled=\u00bboff\u00bb button_two_text_size__hover_enabled=\u00bboff\u00bb button_text_color__hover_enabled=\u00bboff\u00bb button_one_text_color__hover_enabled=\u00bboff\u00bb button_two_text_color__hover_enabled=\u00bboff\u00bb button_border_width__hover_enabled=\u00bboff\u00bb button_one_border_width__hover_enabled=\u00bboff\u00bb button_two_border_width__hover_enabled=\u00bboff\u00bb button_border_color__hover_enabled=\u00bboff\u00bb button_one_border_color__hover_enabled=\u00bboff\u00bb button_two_border_color__hover_enabled=\u00bboff\u00bb button_border_radius__hover_enabled=\u00bbon\u00bb button_border_radius__hover=\u00bb0px\u00bb button_one_border_radius__hover_enabled=\u00bboff\u00bb button_two_border_radius__hover_enabled=\u00bboff\u00bb button_letter_spacing__hover_enabled=\u00bbon\u00bb button_letter_spacing__hover=\u00bb2px\u00bb button_one_letter_spacing__hover_enabled=\u00bboff\u00bb button_two_letter_spacing__hover_enabled=\u00bboff\u00bb button_bg_color__hover_enabled=\u00bboff\u00bb button_one_bg_color__hover_enabled=\u00bboff\u00bb button_two_bg_color__hover_enabled=\u00bboff\u00bb][\/et_pb_button][\/et_pb_column][\/et_pb_row][\/et_pb_section]<\/p>\n","protected":false},"excerpt":{"rendered":"<p>&nbsp; Noticias, tendencias y moda en cortinas y estores para el hogar. Tecnocortinas, especialistas en decoraci\u00f3n con m\u00e1s de 25 a\u00f1os de experiencia &nbsp; \u00bfBuscas cortinas u estores a medida? Rec\u00edbelos en casa a trav\u00e9s de nuestra tienda online<\/p>\n","protected":false},"author":2,"featured_media":0,"parent":0,"menu_order":0,"comment_status":"closed","ping_status":"closed","template":"","meta":{"_et_pb_use_builder":"on","_et_pb_old_content":"","_et_gb_content_width":""},"yoast_head":"<!-- This site is optimized with the Yoast SEO plugin v18.9 - https:\/\/yoast.com\/wordpress\/plugins\/seo\/ -->\n<title>Blog de Tecnocortinas | Noticias y tendencias en Cortinas y Estores<\/title>\n<meta name=\"description\" content=\"Noticias, tendencias y moda en cortinas y estores para el hogar. Tecnocortinas, especialistas en decoraci\u00f3n con m\u00e1s de 25 a\u00f1os de experiencia\" \/>\n<meta name=\"robots\" content=\"index, follow, max-snippet:-1, max-image-preview:large, max-video-preview:-1\" \/>\n<link rel=\"canonical\" href=\"https:\/\/www.tecnocortinas.com\/blog\/\" \/>\n<meta property=\"og:locale\" content=\"es_ES\" \/>\n<meta property=\"og:type\" content=\"article\" \/>\n<meta property=\"og:title\" content=\"Blog de Tecnocortinas | Noticias y tendencias en Cortinas y Estores\" \/>\n<meta property=\"og:description\" content=\"Noticias, tendencias y moda en cortinas y estores para el hogar. Tecnocortinas, especialistas en decoraci\u00f3n con m\u00e1s de 25 a\u00f1os de experiencia\" \/>\n<meta property=\"og:url\" content=\"https:\/\/www.tecnocortinas.com\/blog\/\" \/>\n<meta property=\"og:site_name\" content=\"Consejos y novedades en cortinas y estores Tecnocortinas\" \/>\n<meta property=\"article:modified_time\" content=\"2025-11-28T07:00:13+00:00\" \/>\n<meta name=\"twitter:card\" content=\"summary_large_image\" \/>\n<meta name=\"twitter:label1\" content=\"Tiempo de lectura\" \/>\n\t<meta name=\"twitter:data1\" content=\"5 minutos\" \/>\n<script type=\"application\/ld+json\" class=\"yoast-schema-graph\">{\"@context\":\"https:\/\/schema.org\",\"@graph\":[{\"@type\":\"Organization\",\"@id\":\"https:\/\/www.tecnocortinas.com\/blog\/#organization\",\"name\":\"Tecnocortinas Blog\",\"url\":\"https:\/\/www.tecnocortinas.com\/blog\/\",\"sameAs\":[],\"logo\":{\"@type\":\"ImageObject\",\"inLanguage\":\"es\",\"@id\":\"https:\/\/www.tecnocortinas.com\/blog\/#\/schema\/logo\/image\/\",\"url\":\"https:\/\/www.tecnocortinas.com\/blog\/wp-content\/uploads\/2017\/09\/tecnocortinas-logo-1460657368.png\",\"contentUrl\":\"https:\/\/www.tecnocortinas.com\/blog\/wp-content\/uploads\/2017\/09\/tecnocortinas-logo-1460657368.png\",\"width\":183,\"height\":67,\"caption\":\"Tecnocortinas Blog\"},\"image\":{\"@id\":\"https:\/\/www.tecnocortinas.com\/blog\/#\/schema\/logo\/image\/\"}},{\"@type\":\"WebSite\",\"@id\":\"https:\/\/www.tecnocortinas.com\/blog\/#website\",\"url\":\"https:\/\/www.tecnocortinas.com\/blog\/\",\"name\":\"Consejos y novedades en cortinas y estores Tecnocortinas\",\"description\":\"Noticias y sugerencias para la decoraci\u00f3n con la \u00faltima moda en cortinas y estores desde tu tienda online Tecnocort\u00ednas\",\"publisher\":{\"@id\":\"https:\/\/www.tecnocortinas.com\/blog\/#organization\"},\"potentialAction\":[{\"@type\":\"SearchAction\",\"target\":{\"@type\":\"EntryPoint\",\"urlTemplate\":\"https:\/\/www.tecnocortinas.com\/blog\/?s={search_term_string}\"},\"query-input\":\"required name=search_term_string\"}],\"inLanguage\":\"es\"},{\"@type\":\"WebPage\",\"@id\":\"https:\/\/www.tecnocortinas.com\/blog\/#webpage\",\"url\":\"https:\/\/www.tecnocortinas.com\/blog\/\",\"name\":\"Blog de Tecnocortinas | Noticias y tendencias en Cortinas y Estores\",\"isPartOf\":{\"@id\":\"https:\/\/www.tecnocortinas.com\/blog\/#website\"},\"datePublished\":\"2025-11-26T14:10:40+00:00\",\"dateModified\":\"2025-11-28T07:00:13+00:00\",\"description\":\"Noticias, tendencias y moda en cortinas y estores para el hogar. Tecnocortinas, especialistas en decoraci\u00f3n con m\u00e1s de 25 a\u00f1os de experiencia\",\"breadcrumb\":{\"@id\":\"https:\/\/www.tecnocortinas.com\/blog\/#breadcrumb\"},\"inLanguage\":\"es\",\"potentialAction\":[{\"@type\":\"ReadAction\",\"target\":[\"https:\/\/www.tecnocortinas.com\/blog\/\"]}]},{\"@type\":\"BreadcrumbList\",\"@id\":\"https:\/\/www.tecnocortinas.com\/blog\/#breadcrumb\",\"itemListElement\":[{\"@type\":\"ListItem\",\"position\":1,\"name\":\"Portada\",\"item\":\"https:\/\/www.tecnocortinas.com\/blog\/\"},{\"@type\":\"ListItem\",\"position\":2,\"name\":\"Home Blog\"}]}]}<\/script>\n<!-- \/ Yoast SEO plugin. -->","yoast_head_json":{"title":"Blog de Tecnocortinas | Noticias y tendencias en Cortinas y Estores","description":"Noticias, tendencias y moda en cortinas y estores para el hogar. Tecnocortinas, especialistas en decoraci\u00f3n con m\u00e1s de 25 a\u00f1os de experiencia","robots":{"index":"index","follow":"follow","max-snippet":"max-snippet:-1","max-image-preview":"max-image-preview:large","max-video-preview":"max-video-preview:-1"},"canonical":"https:\/\/www.tecnocortinas.com\/blog\/","og_locale":"es_ES","og_type":"article","og_title":"Blog de Tecnocortinas | Noticias y tendencias en Cortinas y Estores","og_description":"Noticias, tendencias y moda en cortinas y estores para el hogar. Tecnocortinas, especialistas en decoraci\u00f3n con m\u00e1s de 25 a\u00f1os de experiencia","og_url":"https:\/\/www.tecnocortinas.com\/blog\/","og_site_name":"Consejos y novedades en cortinas y estores Tecnocortinas","article_modified_time":"2025-11-28T07:00:13+00:00","twitter_card":"summary_large_image","twitter_misc":{"Tiempo de lectura":"5 minutos"},"schema":{"@context":"https:\/\/schema.org","@graph":[{"@type":"Organization","@id":"https:\/\/www.tecnocortinas.com\/blog\/#organization","name":"Tecnocortinas Blog","url":"https:\/\/www.tecnocortinas.com\/blog\/","sameAs":[],"logo":{"@type":"ImageObject","inLanguage":"es","@id":"https:\/\/www.tecnocortinas.com\/blog\/#\/schema\/logo\/image\/","url":"https:\/\/www.tecnocortinas.com\/blog\/wp-content\/uploads\/2017\/09\/tecnocortinas-logo-1460657368.png","contentUrl":"https:\/\/www.tecnocortinas.com\/blog\/wp-content\/uploads\/2017\/09\/tecnocortinas-logo-1460657368.png","width":183,"height":67,"caption":"Tecnocortinas Blog"},"image":{"@id":"https:\/\/www.tecnocortinas.com\/blog\/#\/schema\/logo\/image\/"}},{"@type":"WebSite","@id":"https:\/\/www.tecnocortinas.com\/blog\/#website","url":"https:\/\/www.tecnocortinas.com\/blog\/","name":"Consejos y novedades en cortinas y estores Tecnocortinas","description":"Noticias y sugerencias para la decoraci\u00f3n con la \u00faltima moda en cortinas y estores desde tu tienda online Tecnocort\u00ednas","publisher":{"@id":"https:\/\/www.tecnocortinas.com\/blog\/#organization"},"potentialAction":[{"@type":"SearchAction","target":{"@type":"EntryPoint","urlTemplate":"https:\/\/www.tecnocortinas.com\/blog\/?s={search_term_string}"},"query-input":"required name=search_term_string"}],"inLanguage":"es"},{"@type":"WebPage","@id":"https:\/\/www.tecnocortinas.com\/blog\/#webpage","url":"https:\/\/www.tecnocortinas.com\/blog\/","name":"Blog de Tecnocortinas | Noticias y tendencias en Cortinas y Estores","isPartOf":{"@id":"https:\/\/www.tecnocortinas.com\/blog\/#website"},"datePublished":"2025-11-26T14:10:40+00:00","dateModified":"2025-11-28T07:00:13+00:00","description":"Noticias, tendencias y moda en cortinas y estores para el hogar. Tecnocortinas, especialistas en decoraci\u00f3n con m\u00e1s de 25 a\u00f1os de experiencia","breadcrumb":{"@id":"https:\/\/www.tecnocortinas.com\/blog\/#breadcrumb"},"inLanguage":"es","potentialAction":[{"@type":"ReadAction","target":["https:\/\/www.tecnocortinas.com\/blog\/"]}]},{"@type":"BreadcrumbList","@id":"https:\/\/www.tecnocortinas.com\/blog\/#breadcrumb","itemListElement":[{"@type":"ListItem","position":1,"name":"Portada","item":"https:\/\/www.tecnocortinas.com\/blog\/"},{"@type":"ListItem","position":2,"name":"Home Blog"}]}]}},"_links":{"self":[{"href":"https:\/\/www.tecnocortinas.com\/blog\/wp-json\/wp\/v2\/pages\/653"}],"collection":[{"href":"https:\/\/www.tecnocortinas.com\/blog\/wp-json\/wp\/v2\/pages"}],"about":[{"href":"https:\/\/www.tecnocortinas.com\/blog\/wp-json\/wp\/v2\/types\/page"}],"author":[{"embeddable":true,"href":"https:\/\/www.tecnocortinas.com\/blog\/wp-json\/wp\/v2\/users\/2"}],"replies":[{"embeddable":true,"href":"https:\/\/www.tecnocortinas.com\/blog\/wp-json\/wp\/v2\/comments?post=653"}],"version-history":[{"count":5,"href":"https:\/\/www.tecnocortinas.com\/blog\/wp-json\/wp\/v2\/pages\/653\/revisions"}],"predecessor-version":[{"id":676,"href":"https:\/\/www.tecnocortinas.com\/blog\/wp-json\/wp\/v2\/pages\/653\/revisions\/676"}],"wp:attachment":[{"href":"https:\/\/www.tecnocortinas.com\/blog\/wp-json\/wp\/v2\/media?parent=653"}],"curies":[{"name":"wp","href":"https:\/\/api.w.org\/{rel}","templated":true}]}}